{"id":1975,"date":"2025-01-07T08:44:34","date_gmt":"2025-01-07T07:44:34","guid":{"rendered":"https:\/\/holokardio.info\/?page_id=1975"},"modified":"2026-04-01T16:45:09","modified_gmt":"2026-04-01T14:45:09","slug":"ueber-uns-2","status":"publish","type":"page","link":"https:\/\/holokardio.info\/de\/ueber-uns-2\/","title":{"rendered":"Wilfried"},"content":{"rendered":"\t\t<div data-elementor-type=\"wp-page\" data-elementor-id=\"1975\" class=\"elementor elementor-1975\" data-elementor-post-type=\"page\">\n\t\t\t\t<div class=\"elementor-element elementor-element-5cb168d e-grid e-con-boxed e-con e-parent\" data-id=\"5cb168d\" data-element_type=\"container\" data-e-type=\"container\">\n\t\t\t\t\t<div class=\"e-con-inner\">\n\t\t\t\t<div class=\"elementor-element elementor-element-52adf95 elementor-widget elementor-widget-image\" data-id=\"52adf95\" data-element_type=\"widget\" data-e-type=\"widget\" data-widget_type=\"image.default\">\n\t\t\t\t\t\t\t\t\t\t\t\t<figure class=\"wp-caption\">\n\t\t\t\t\t\t\t\t\t\t<img decoding=\"async\" width=\"150\" height=\"150\" src=\"https:\/\/holokardio.info\/wp-content\/uploads\/2025\/01\/PXL_20240529_071849946.MP_-150x150.webp\" class=\"attachment-thumbnail size-thumbnail wp-image-1979\" alt=\"Wilfried Jensen \u2014 Gr\u00fcnder von HoloKardio\" \/>\t\t\t\t\t\t\t\t\t\t\t<figcaption class=\"widget-image-caption wp-caption-text\">Wilfried Jensen<\/figcaption>\n\t\t\t\t\t\t\t\t\t\t<\/figure>\n\t\t\t\t\t\t\t\t\t<\/div>\n\t\t\t\t<div class=\"elementor-element elementor-element-bb44df7 elementor-widget__width-inherit elementor-widget elementor-widget-global elementor-global-187 elementor-widget-image\" data-id=\"bb44df7\" data-element_type=\"widget\" data-e-type=\"widget\" data-widget_type=\"image.default\">\n\t\t\t\t\t\t\t\t\t\t\t\t<figure class=\"wp-caption\">\n\t\t\t\t\t\t\t\t\t\t\t<a href=\"https:\/\/holokardio.info\/\">\n\t\t\t\t\t\t\t<img decoding=\"async\" width=\"29\" height=\"26\" src=\"https:\/\/holokardio.info\/wp-content\/uploads\/2024\/10\/Logo-3-3.webp\" class=\"attachment-full size-full wp-image-138\" alt=\"\" \/>\t\t\t\t\t\t\t\t<\/a>\n\t\t\t\t\t\t\t\t\t\t\t<figcaption class=\"widget-image-caption wp-caption-text\">HoloKardio<\/figcaption>\n\t\t\t\t\t\t\t\t\t\t<\/figure>\n\t\t\t\t\t\t\t\t\t<\/div>\n\t\t\t\t<div class=\"elementor-element elementor-element-8b193de elementor-nav-menu--dropdown-tablet elementor-nav-menu__text-align-aside elementor-nav-menu--toggle elementor-nav-menu--burger elementor-widget elementor-widget-nav-menu\" data-id=\"8b193de\" data-element_type=\"widget\" data-e-type=\"widget\" data-settings=\"{&quot;layout&quot;:&quot;horizontal&quot;,&quot;submenu_icon&quot;:{&quot;value&quot;:&quot;&lt;svg aria-hidden=\\&quot;true\\&quot; class=\\&quot;e-font-icon-svg e-fas-caret-down\\&quot; viewBox=\\&quot;0 0 320 512\\&quot; xmlns=\\&quot;http:\\\/\\\/www.w3.org\\\/2000\\\/svg\\&quot;&gt;&lt;path d=\\&quot;M31.3 192h257.3c17.8 0 26.7 21.5 14.1 34.1L174.1 354.8c-7.8 7.8-20.5 7.8-28.3 0L17.2 226.1C4.6 213.5 13.5 192 31.3 192z\\&quot;&gt;&lt;\\\/path&gt;&lt;\\\/svg&gt;&quot;,&quot;library&quot;:&quot;fa-solid&quot;},&quot;toggle&quot;:&quot;burger&quot;}\" data-widget_type=\"nav-menu.default\">\n\t\t\t\t\t\t\t\t<nav aria-label=\"Men\u00fc\" class=\"elementor-nav-menu--main elementor-nav-menu__container elementor-nav-menu--layout-horizontal e--pointer-underline e--animation-fade\">\n\t\t\t\t<ul id=\"menu-1-8b193de\" class=\"elementor-nav-menu\"><li class=\"menu-item menu-item-type-custom menu-item-object-custom menu-item-has-children menu-item-4325\"><a href=\"#\" class=\"elementor-item elementor-item-anchor\">Home<\/a>\n<ul class=\"sub-menu elementor-nav-menu--dropdown\">\n\t<li class=\"menu-item menu-item-type-post_type menu-item-object-page menu-item-home menu-item-1185\"><a href=\"https:\/\/holokardio.info\/de\/\" class=\"elementor-sub-item\">HoloKardio Ein Ort an dem Wandlung stattfinden kann<\/a><\/li>\n<\/ul>\n<\/li>\n<li class=\"menu-item menu-item-type-custom menu-item-object-custom menu-item-has-children menu-item-4567\"><a href=\"#\" class=\"elementor-item elementor-item-anchor\">Philosophie und Quellen<\/a>\n<ul class=\"sub-menu elementor-nav-menu--dropdown\">\n\t<li class=\"menu-item menu-item-type-post_type menu-item-object-page menu-item-3516\"><a href=\"https:\/\/holokardio.info\/de\/hintergrund-informationen\/\" class=\"elementor-sub-item\">Hintergrundinformationen<\/a><\/li>\n\t<li class=\"menu-item menu-item-type-post_type menu-item-object-page menu-item-4539\"><a href=\"https:\/\/holokardio.info\/de\/karte-der-struckturen\/\" class=\"elementor-sub-item\">Karte der Strukturen (interaktiv)<\/a><\/li>\n<\/ul>\n<\/li>\n<li class=\"menu-item menu-item-type-custom menu-item-object-custom menu-item-has-children menu-item-4289\"><a href=\"#\" class=\"elementor-item elementor-item-anchor\">Interaktive Angebote<\/a>\n<ul class=\"sub-menu elementor-nav-menu--dropdown\">\n\t<li class=\"menu-item menu-item-type-post_type menu-item-object-page menu-item-has-children menu-item-4377\"><a href=\"https:\/\/holokardio.info\/de\/persoenliche-kosmologische-matrix\/\" class=\"elementor-sub-item\">Pers\u00f6nliche kosmologische Matrix<\/a>\n\t<ul class=\"sub-menu elementor-nav-menu--dropdown\">\n\t\t<li class=\"menu-item menu-item-type-post_type menu-item-object-page menu-item-4179\"><a href=\"https:\/\/holokardio.info\/de\/mitarbeiter\/\" class=\"elementor-sub-item\">Zur Gespr\u00e4chseinladung<\/a><\/li>\n\t<\/ul>\n<\/li>\n\t<li class=\"menu-item menu-item-type-post_type menu-item-object-page menu-item-4572\"><a href=\"https:\/\/holokardio.info\/de\/karte-des-lebens\/\" class=\"elementor-sub-item\">Karte des Lebens<\/a><\/li>\n<\/ul>\n<\/li>\n<li class=\"menu-item menu-item-type-custom menu-item-object-custom menu-item-has-children menu-item-3292\"><a href=\"#\" class=\"elementor-item elementor-item-anchor\">\u00dcber uns<\/a>\n<ul class=\"sub-menu elementor-nav-menu--dropdown\">\n\t<li class=\"menu-item menu-item-type-post_type menu-item-object-page menu-item-has-children menu-item-3515\"><a href=\"https:\/\/holokardio.info\/de\/ueber-uns-2\/\" class=\"elementor-sub-item\">Wilfried Jensen<\/a>\n\t<ul class=\"sub-menu elementor-nav-menu--dropdown\">\n\t\t<li class=\"menu-item menu-item-type-post_type menu-item-object-page menu-item-3689\"><a href=\"https:\/\/holokardio.info\/de\/bilder-aus-dem-inneren\/\" class=\"elementor-sub-item\">Bilder aus dem Inneren<\/a><\/li>\n\t<\/ul>\n<\/li>\n\t<li class=\"menu-item menu-item-type-post_type menu-item-object-page menu-item-2461\"><a href=\"https:\/\/holokardio.info\/de\/kontakt\/\" class=\"elementor-sub-item\">Kontakt<\/a><\/li>\n<\/ul>\n<\/li>\n<li class=\"menu-item menu-item-type-post_type menu-item-object-page menu-item-3567\"><a href=\"https:\/\/holokardio.info\/de\/faq\/\" class=\"elementor-item\">FAQ<\/a><\/li>\n<\/ul>\t\t\t<\/nav>\n\t\t\t\t\t<div class=\"elementor-menu-toggle\" role=\"button\" tabindex=\"0\" aria-label=\"Men\u00fc Umschalter\" aria-expanded=\"false\">\n\t\t\t<svg aria-hidden=\"true\" role=\"presentation\" class=\"elementor-menu-toggle__icon--open e-font-icon-svg e-eicon-menu-bar\" viewBox=\"0 0 1000 1000\" xmlns=\"http:\/\/www.w3.org\/2000\/svg\"><path d=\"M104 333H896C929 333 958 304 958 271S929 208 896 208H104C71 208 42 237 42 271S71 333 104 333ZM104 583H896C929 583 958 554 958 521S929 458 896 458H104C71 458 42 487 42 521S71 583 104 583ZM104 833H896C929 833 958 804 958 771S929 708 896 708H104C71 708 42 737 42 771S71 833 104 833Z\"><\/path><\/svg><svg aria-hidden=\"true\" role=\"presentation\" class=\"elementor-menu-toggle__icon--close e-font-icon-svg e-eicon-close\" viewBox=\"0 0 1000 1000\" xmlns=\"http:\/\/www.w3.org\/2000\/svg\"><path d=\"M742 167L500 408 258 167C246 154 233 150 217 150 196 150 179 158 167 167 154 179 150 196 150 212 150 229 154 242 171 254L408 500 167 742C138 771 138 800 167 829 196 858 225 858 254 829L496 587 738 829C750 842 767 846 783 846 800 846 817 842 829 829 842 817 846 804 846 783 846 767 842 750 829 737L588 500 833 258C863 229 863 200 833 171 804 137 775 137 742 167Z\"><\/path><\/svg>\t\t<\/div>\n\t\t\t\t\t<nav class=\"elementor-nav-menu--dropdown elementor-nav-menu__container\" aria-hidden=\"true\">\n\t\t\t\t<ul id=\"menu-2-8b193de\" class=\"elementor-nav-menu\"><li class=\"menu-item menu-item-type-custom menu-item-object-custom menu-item-has-children menu-item-4325\"><a href=\"#\" class=\"elementor-item elementor-item-anchor\" tabindex=\"-1\">Home<\/a>\n<ul class=\"sub-menu elementor-nav-menu--dropdown\">\n\t<li class=\"menu-item menu-item-type-post_type menu-item-object-page menu-item-home menu-item-1185\"><a href=\"https:\/\/holokardio.info\/de\/\" class=\"elementor-sub-item\" tabindex=\"-1\">HoloKardio Ein Ort an dem Wandlung stattfinden kann<\/a><\/li>\n<\/ul>\n<\/li>\n<li class=\"menu-item menu-item-type-custom menu-item-object-custom menu-item-has-children menu-item-4567\"><a href=\"#\" class=\"elementor-item elementor-item-anchor\" tabindex=\"-1\">Philosophie und Quellen<\/a>\n<ul class=\"sub-menu elementor-nav-menu--dropdown\">\n\t<li class=\"menu-item menu-item-type-post_type menu-item-object-page menu-item-3516\"><a href=\"https:\/\/holokardio.info\/de\/hintergrund-informationen\/\" class=\"elementor-sub-item\" tabindex=\"-1\">Hintergrundinformationen<\/a><\/li>\n\t<li class=\"menu-item menu-item-type-post_type menu-item-object-page menu-item-4539\"><a href=\"https:\/\/holokardio.info\/de\/karte-der-struckturen\/\" class=\"elementor-sub-item\" tabindex=\"-1\">Karte der Strukturen (interaktiv)<\/a><\/li>\n<\/ul>\n<\/li>\n<li class=\"menu-item menu-item-type-custom menu-item-object-custom menu-item-has-children menu-item-4289\"><a href=\"#\" class=\"elementor-item elementor-item-anchor\" tabindex=\"-1\">Interaktive Angebote<\/a>\n<ul class=\"sub-menu elementor-nav-menu--dropdown\">\n\t<li class=\"menu-item menu-item-type-post_type menu-item-object-page menu-item-has-children menu-item-4377\"><a href=\"https:\/\/holokardio.info\/de\/persoenliche-kosmologische-matrix\/\" class=\"elementor-sub-item\" tabindex=\"-1\">Pers\u00f6nliche kosmologische Matrix<\/a>\n\t<ul class=\"sub-menu elementor-nav-menu--dropdown\">\n\t\t<li class=\"menu-item menu-item-type-post_type menu-item-object-page menu-item-4179\"><a href=\"https:\/\/holokardio.info\/de\/mitarbeiter\/\" class=\"elementor-sub-item\" tabindex=\"-1\">Zur Gespr\u00e4chseinladung<\/a><\/li>\n\t<\/ul>\n<\/li>\n\t<li class=\"menu-item menu-item-type-post_type menu-item-object-page menu-item-4572\"><a href=\"https:\/\/holokardio.info\/de\/karte-des-lebens\/\" class=\"elementor-sub-item\" tabindex=\"-1\">Karte des Lebens<\/a><\/li>\n<\/ul>\n<\/li>\n<li class=\"menu-item menu-item-type-custom menu-item-object-custom menu-item-has-children menu-item-3292\"><a href=\"#\" class=\"elementor-item elementor-item-anchor\" tabindex=\"-1\">\u00dcber uns<\/a>\n<ul class=\"sub-menu elementor-nav-menu--dropdown\">\n\t<li class=\"menu-item menu-item-type-post_type menu-item-object-page menu-item-has-children menu-item-3515\"><a href=\"https:\/\/holokardio.info\/de\/ueber-uns-2\/\" class=\"elementor-sub-item\" tabindex=\"-1\">Wilfried Jensen<\/a>\n\t<ul class=\"sub-menu elementor-nav-menu--dropdown\">\n\t\t<li class=\"menu-item menu-item-type-post_type menu-item-object-page menu-item-3689\"><a href=\"https:\/\/holokardio.info\/de\/bilder-aus-dem-inneren\/\" class=\"elementor-sub-item\" tabindex=\"-1\">Bilder aus dem Inneren<\/a><\/li>\n\t<\/ul>\n<\/li>\n\t<li class=\"menu-item menu-item-type-post_type menu-item-object-page menu-item-2461\"><a href=\"https:\/\/holokardio.info\/de\/kontakt\/\" class=\"elementor-sub-item\" tabindex=\"-1\">Kontakt<\/a><\/li>\n<\/ul>\n<\/li>\n<li class=\"menu-item menu-item-type-post_type menu-item-object-page menu-item-3567\"><a href=\"https:\/\/holokardio.info\/de\/faq\/\" class=\"elementor-item\" tabindex=\"-1\">FAQ<\/a><\/li>\n<\/ul>\t\t\t<\/nav>\n\t\t\t\t\t\t<\/div>\n\t\t\t\t\t<\/div>\n\t\t\t\t<\/div>\n\t\t<div class=\"elementor-element elementor-element-b6d5f0a e-flex e-con-boxed e-con e-parent\" data-id=\"b6d5f0a\" data-element_type=\"container\" data-e-type=\"container\">\n\t\t\t\t\t<div class=\"e-con-inner\">\n\t\t\t\t<div class=\"elementor-element elementor-element-9788f7c elementor-widget elementor-widget-heading\" data-id=\"9788f7c\" data-element_type=\"widget\" data-e-type=\"widget\" data-widget_type=\"heading.default\">\n\t\t\t\t\t<h1 class=\"elementor-heading-title elementor-size-default\">Wilfried Jensen<\/h1>\t\t\t\t<\/div>\n\t\t\t\t\t<\/div>\n\t\t\t\t<\/div>\n\t\t<div class=\"elementor-element elementor-element-952e28c e-flex e-con-boxed e-con e-parent\" data-id=\"952e28c\" data-element_type=\"container\" data-e-type=\"container\">\n\t\t\t\t\t<div class=\"e-con-inner\">\n\t\t\t\t<div class=\"elementor-element elementor-element-5672728 elementor-widget elementor-widget-text-editor\" data-id=\"5672728\" data-element_type=\"widget\" data-e-type=\"widget\" data-widget_type=\"text-editor.default\">\n\t\t\t\t\t\t\t\t\t<h3>Wer ich bin \u2013 und was mich leitet<\/h3><h4>Diese Seite gibt dir einen Einblick in meinen pers\u00f6nlichen und spirituellen Weg.<br \/>Du erf\u00e4hrst, wie sich meine Suche nach Sinn, Wahrheit und innerer Klarheit entwickelt hat \u2013 und warum heute Begriffe wie innere F\u00fchrung, Authentizit\u00e4t, Herzensweisheit und die Entfaltung der eigenen Signatur im Zentrum meines Lebens und Wirkens stehen.<br \/>Mein Anliegen ist es, diese Erfahrungen mit anderen zu teilen \u2013 als Impuls, sich selbst tiefer zu begegnen und dem eigenen Weg zu vertrauen.<\/h4><h3>\u00dcber mich<\/h3><h4>Ich wurde 1951 in Berlin geboren. Mit etwa 20 Jahren begann ich, mich intensiv mit der Frage zu besch\u00e4ftigen: \u201eWer und was bin ich eigentlich?\u201c<br \/>Diese Suche f\u00fchrte mich zur Auseinandersetzung mit Religion und Spiritualit\u00e4t \u2013 nicht nur als pers\u00f6nliche Orientierung, sondern auch als Teil meines beruflichen Weges.<\/h4><h3>Mein Weg<\/h3><h4>Meine Ausbildungen konzentrierten sich auf die Betreuung und Begleitung von Menschen.<br \/>Parallel dazu besuchte ich zahlreiche Kurse, die mir halfen, Spiritualit\u00e4t und Alltag miteinander zu verbinden. Ich hatte die M\u00f6glichkeit, bei unterschiedlichen Lehrern verschiedene Meditationsformen und Methoden zur Selbstreflexion und zur Arbeit mit dem Unbewussten zu erlernen.<br \/>Durch meine eigenen Erfahrungen habe ich erkannt, wie transformierend und hilfreich diese Wege sein k\u00f6nnen, um Klarheit im Leben zu finden. Daraus ist mein Wunsch entstanden, dieses Wissen weiterzugeben \u2013 um anderen zu helfen, ihre innere Welt besser zu verstehen und daran zu wachsen.<\/h4><h3>Vielfalt als Kraft<\/h3><h4>Ich habe mich mit verschiedenen spirituellen Traditionen aus unterschiedlichen Religionen besch\u00e4ftigt und erkannt, wie wertvoll es ist, mit einer Vielzahl von Methoden zu arbeiten.<br \/>Jede Methode hat ihre eigene Kraft. Sie er\u00f6ffnet neue Blickwinkel und hilft dabei, das Leben bewusster und klarer zu gestalten.<\/h4><h3>Innere F\u00fchrung \u2013 eine erste zentrale Erkenntnis<\/h3><h4>Eine wesentliche Erkenntnis meines Weges ist: In jedem Menschen existiert eine innere F\u00fchrung.<br \/>Manche sp\u00fcren sie als sanfte Richtung aus dem Inneren, andere als pl\u00f6tzliche Eingebung oder als Gef\u00fchl von Ruhe oder Unruhe, das anzeigt, ob ein Weg stimmig ist oder nicht.<br \/>Diese F\u00fchrung kann sich intuitiv, emotional oder energetisch zeigen \u2013 individuell und auf ganz unterschiedliche Weise.<br \/>Oft wird diese innere Stimme jedoch \u00fcberlagert \u2013 durch Gedanken, Sorgen oder \u00e4u\u00dfere Reize. In einer Welt voller Ablenkungen und Dauerbeschallung verlieren viele Menschen den Kontakt zu dieser inneren Quelle.<br \/>Erst wenn wir die \u00e4u\u00dferen Einfl\u00fcsse reduzieren und den Weg nach innen wieder zulassen, kann sich diese Weisheit neu zeigen.<br \/>Es ist ein Weg der Achtsamkeit, Geduld und inneren Offenheit.<\/h4><h3>Die individuelle Signatur \u2013 eine zweite zentrale Erkenntnis<\/h3><h4>Meine zweite grundlegende Erkenntnis lautet: Jedes Wesen tr\u00e4gt eine einzigartige Signatur in sich.<br \/>Sie zeigt sich in Form, Ausstrahlung und Pr\u00e4senz \u2013 nicht als starres Merkmal, sondern als lebendiger Ausdruck der eigenen Essenz.<br \/>Ein Mensch, der in \u00dcbereinstimmung mit seiner Signatur lebt, strahlt eine innere Harmonie aus, die f\u00fcr andere sp\u00fcrbar ist \u2013 als Authentizit\u00e4t, Ruhe und stille Sch\u00f6nheit.<br \/>Diese Form von Sch\u00f6nheit ist unabh\u00e4ngig vom \u00c4u\u00dferen. Sie ber\u00fchrt, weil sie echt ist.<br \/>Diese Form zu vollenden ist ein lebenslanger Weg. Er verlangt, dass wir uns unseren Konflikten stellen, unsere Potenziale entfalten und unser Leben nach Wahrhaftigkeit und Liebe ausrichten.<br \/>So entsteht ein tiefes Gef\u00fchl von innerem Frieden und Erf\u00fcllung, das sich auf nat\u00fcrliche Weise auch im Au\u00dfen zeigt.<\/h4><h3>Authentizit\u00e4t als Lebensform<\/h3><h4>Ein Mensch, der seine Signatur lebt, wird zu einer Inspiration.<br \/>Er verk\u00f6rpert die M\u00f6glichkeit, in Klarheit, Sinn und Harmonie zu leben \u2013 nicht nur zum eigenen Wohl, sondern auch zum Wohl anderer.<\/h4><h3>Der letzte Horizont: Satchidananda<\/h3><h4>Am Ende steht f\u00fcr mich eine Erfahrung, die alles \u00fcbertrifft: Satchidananda \u2013 Sein, Bewusstheit, Gl\u00fcckseligkeit.<br \/>In Momenten, in denen kein Denken, kein Wollen, kein Ablenken mehr da ist, ist eine extatische Freude da, frei von Ursache, unabh\u00e4ngig von Umst\u00e4nden.<br \/>Es ist der Jubel des Lebens selbst, einfach zu sein. Ein Dasein, das nicht mehr nach etwas strebt \u2013 sondern einfach lebt.<\/h4><h4>Letzte Aktualisierung: 3. August 2025<\/h4>\t\t\t\t\t\t\t\t<\/div>\n\t\t\t\t\t<\/div>\n\t\t\t\t<\/div>\n\t\t\t\t<\/div>\n\t\t","protected":false},"excerpt":{"rendered":"<p>Wilfried Jensen HoloKardio Wilfried Jensen Wer ich bin \u2013 und was mich leitet Diese Seite gibt dir einen Einblick in meinen pers\u00f6nlichen und spirituellen Weg.Du erf\u00e4hrst, wie sich meine Suche nach Sinn, Wahrheit und innerer Klarheit entwickelt hat \u2013 und warum heute Begriffe wie innere F\u00fchrung, Authentizit\u00e4t, Herzensweisheit und die Entfaltung der eigenen Signatur im [&hellip;]<\/p>\n","protected":false},"author":1,"featured_media":0,"parent":0,"menu_order":0,"comment_status":"closed","ping_status":"closed","template":"elementor_canvas","meta":{"footnotes":""},"class_list":["post-1975","page","type-page","status-publish","hentry"],"aioseo_notices":[],"_links":{"self":[{"href":"https:\/\/holokardio.info\/de\/wp-json\/wp\/v2\/pages\/1975","targetHints":{"allow":["GET"]}}],"collection":[{"href":"https:\/\/holokardio.info\/de\/wp-json\/wp\/v2\/pages"}],"about":[{"href":"https:\/\/holokardio.info\/de\/wp-json\/wp\/v2\/types\/page"}],"author":[{"embeddable":true,"href":"https:\/\/holokardio.info\/de\/wp-json\/wp\/v2\/users\/1"}],"replies":[{"embeddable":true,"href":"https:\/\/holokardio.info\/de\/wp-json\/wp\/v2\/comments?post=1975"}],"version-history":[{"count":84,"href":"https:\/\/holokardio.info\/de\/wp-json\/wp\/v2\/pages\/1975\/revisions"}],"predecessor-version":[{"id":3761,"href":"https:\/\/holokardio.info\/de\/wp-json\/wp\/v2\/pages\/1975\/revisions\/3761"}],"wp:attachment":[{"href":"https:\/\/holokardio.info\/de\/wp-json\/wp\/v2\/media?parent=1975"}],"curies":[{"name":"wp","href":"https:\/\/api.w.org\/{rel}","templated":true}]}}