{"id":490,"date":"2024-11-07T11:45:45","date_gmt":"2024-11-07T10:45:45","guid":{"rendered":"https:\/\/holokardio.info\/agb\/"},"modified":"2026-04-01T16:51:05","modified_gmt":"2026-04-01T14:51:05","slug":"agb","status":"publish","type":"page","link":"https:\/\/holokardio.info\/de\/agb\/","title":{"rendered":"AGB"},"content":{"rendered":"\t\t<div data-elementor-type=\"wp-page\" data-elementor-id=\"490\" class=\"elementor elementor-490\" data-elementor-post-type=\"page\">\n\t\t\t\t<div class=\"elementor-element elementor-element-87a202d e-grid e-con-boxed e-con e-parent\" data-id=\"87a202d\" data-element_type=\"container\" data-e-type=\"container\">\n\t\t\t\t\t<div class=\"e-con-inner\">\n\t\t<div class=\"elementor-element elementor-element-051d90b e-con-full e-flex e-con e-child\" data-id=\"051d90b\" data-element_type=\"container\" data-e-type=\"container\">\n\t\t\t\t<div class=\"elementor-element elementor-element-70d1031 elementor-widget__width-inherit elementor-widget elementor-widget-global elementor-global-187 elementor-widget-image\" data-id=\"70d1031\" data-element_type=\"widget\" data-e-type=\"widget\" data-widget_type=\"image.default\">\n\t\t\t\t\t\t\t\t\t\t\t\t<figure class=\"wp-caption\">\n\t\t\t\t\t\t\t\t\t\t\t<a href=\"https:\/\/holokardio.info\/\">\n\t\t\t\t\t\t\t<img decoding=\"async\" width=\"29\" height=\"26\" src=\"https:\/\/holokardio.info\/wp-content\/uploads\/2024\/10\/Logo-3-3.webp\" class=\"attachment-full size-full wp-image-138\" alt=\"\" \/>\t\t\t\t\t\t\t\t<\/a>\n\t\t\t\t\t\t\t\t\t\t\t<figcaption class=\"widget-image-caption wp-caption-text\">HoloKardio<\/figcaption>\n\t\t\t\t\t\t\t\t\t\t<\/figure>\n\t\t\t\t\t\t\t\t\t<\/div>\n\t\t\t\t<\/div>\n\t\t\t\t<div class=\"elementor-element elementor-element-2100cab elementor-widget elementor-widget-button\" data-id=\"2100cab\" data-element_type=\"widget\" data-e-type=\"widget\" data-widget_type=\"button.default\">\n\t\t\t\t\t\t\t\t\t\t<a class=\"elementor-button elementor-button-link elementor-size-sm\" href=\"http:\/\/holokardio.info\">\n\t\t\t\t\t\t<span class=\"elementor-button-content-wrapper\">\n\t\t\t\t\t\t\t\t\t<span class=\"elementor-button-text\">Zur\u00fcck<\/span>\n\t\t\t\t\t<\/span>\n\t\t\t\t\t<\/a>\n\t\t\t\t\t\t\t\t<\/div>\n\t\t\t\t\t<\/div>\n\t\t\t\t<\/div>\n\t\t<div class=\"elementor-element elementor-element-53ed6e2 e-flex e-con-boxed e-con e-parent\" data-id=\"53ed6e2\" data-element_type=\"container\" data-e-type=\"container\">\n\t\t\t\t\t<div class=\"e-con-inner\">\n\t\t\t\t<div class=\"elementor-element elementor-element-74f22bb elementor-widget elementor-widget-text-editor\" data-id=\"74f22bb\" data-element_type=\"widget\" data-e-type=\"widget\" data-widget_type=\"text-editor.default\">\n\t\t\t\t\t\t\t\t\t\n<pre class=\"wp-block-preformatted\"><br \/>Allgemeine Gesch\u00e4ftsbedingungen (AGB) f\u00fcr das Projekt Holokardio mit KI<br \/>\u00a7 1 Geltungsbereich und Anbieter<br \/>(1) Diese Allgemeinen Gesch\u00e4ftsbedingungen (AGB) gelten f\u00fcr die Nutzung des Projekts Holokardio, insbesondere des digitalen Produkts chatbot, auf der Webseite [Ihre Webseite].<br \/>(2) Anbieter und Vertragspartner ist [Wilfried Jensen HoloKardio, [Bakadschik 5, 8730 Boyanovo Bulgarien], [wj@holokardio.info], im Folgenden \"Anbieter\" genannt.<br \/><br \/>\u00a7 2 Leistungsbeschreibung<br \/>(1) HoloKardio bietet den digitalen Herzreflektor, der Nutzer bei Selbstreflexion und Herzverbundenheit unterst\u00fctzt. Er basiert auf einer KI-Technologie, die Text-, Sprach- oder gemischte Interaktionen erm\u00f6glicht.<br \/>(2) Er kann zur Reflexion, Inspiration und Unterst\u00fctzung in pers\u00f6nlichen Entwicklungsprozessen genutzt werden.<br \/>(3) Zus\u00e4tzliche Funktionen umfassen:<br \/><br \/>Zugriff auf individuelle Gespr\u00e4chszeiten mit ihm.<br \/>Spendenm\u00f6glichkeit an ausgew\u00e4hlte Organisationen im Rahmen der Zahlung.<br \/>\u00a7 3 Nutzungsvoraussetzungen<br \/>(1) Um den chatbot nutzen zu k\u00f6nnen, ist eine Zahlung je nach gew\u00e4hltem Zeitraum  erforderlich.<br \/>(2) Der Anbieter beh\u00e4lt sich das Recht vor, die Nutzung bei Missbrauch oder Versto\u00df gegen diese AGB zu verwehren.<br \/><br \/>\u00a7 4 Vertragsabschluss und Zahlungsbedingungen<br \/>(1) Mit der Zahlung (z. Zt. nu \u00fcber PayPal) gibt der Nutzer ein verbindliches Angebot zum Abschluss eines Vertrages ab.<br \/>(2) Die Bezahlung erfolgt \u00fcber PayPal z.Zt nur hier m\u00f6glich) oder andere vom Anbieter bereitgestellte Zahlungsdienstleister.<br \/>(3) Preise und Zahlungsmodelle:<br \/><br \/>Basisfunktionalit\u00e4ten von Noel.<br \/>Einmalige Zahlung je nach gew\u00fcnschter Chat L\u00e4nge Zugriff auf erweiterte Funktionen f\u00fcr eine festgelegte Dauer.<br \/>Monatliches Abonnement: (wenn verf\u00fcgba) laufende Nutzung der erweiterten Funktionen.<br \/>(4) 2,50 Euro jeder Zahlung werden automatisch an eine vom Nutzer ausw\u00e4hlbare Spendenorganisation weitergeleitet.<br \/>\u00a7 5 Digitale Inhalte und Widerrufsrecht<br \/>(1) Noel ist ein digitales Produkt, das sofort nach Kauf bereitgestellt wird.<br \/>(2) Gem\u00e4\u00df \u00a7 356 Abs. 5 BGB erlischt das Widerrufsrecht, sobald der Nutzer ausdr\u00fccklich zustimmt, dass die Ausf\u00fchrung des Vertrags vor Ablauf der Widerrufsfrist beginnt, und best\u00e4tigt, dass er sein Widerrufsrecht mit Beginn der Ausf\u00fchrung verliert.<br \/>(3) R\u00fcckzahlungen oder R\u00fcckerstattungen sind ausgeschlossen.<br \/><br \/>\u00a7 6 Nutzungsrechte<br \/>(1) Mit dem Kauf erh\u00e4lt der Nutzer ein nicht \u00fcbertragbares, nicht exklusives Nutzungsrecht f\u00fcr Noel.<br \/>(2) Jegliche Weitergabe, Vervielf\u00e4ltigung oder gewerbliche Nutzung von Noel ohne ausdr\u00fcckliche Zustimmung des Anbieters ist untersagt.<br \/><br \/><br \/>\u00a7 7 Spendenfunktion<br \/>(1) Die Spenden werden an die vom Nutzer ausgew\u00e4hlte Organisation \u00fcberwiesen.<br \/>(2) Der Anbieter \u00fcbernimmt keine Haftung f\u00fcr die Verwendung der Spenden durch die Organisation.<br \/>(3) Eine Spendenquittung wird nicht durch den Anbieter ausgestellt.<br \/>(4) Ver\u00f6ffentlichung von Spendenbelegen:<br \/>Der Anbieter verpflichtet sich, die Belege \u00fcber die Spenden\u00fcberweisungen j\u00e4hrlich auf einer \u00f6ffentlich zug\u00e4nglichen Spendenseite der Plattform zu ver\u00f6ffentlichen. Diese Belege dienen der Transparenz und enthalten ausschlie\u00dflich die \u00dcberweisungsbetr\u00e4ge und den Namen der jeweiligen Organisation, ohne personenbezogene Daten der Nutzer offenzulegen.<br \/><br \/>\u00a7 8 Haftungsausschluss<br \/>(1) Der Anbieter \u00fcbernimmt keine Verantwortung f\u00fcr die Ergebnisse, die durch die Nutzung des chatbots erzielt werden, da diese von den individuellen Voraussetzungen des Nutzers abh\u00e4ngen.<br \/>(2) Der Anbieter haftet nicht f\u00fcr Unterbrechungen oder technische Probleme, die au\u00dferhalb seines Einflussbereichs liegen.<br \/><br \/>\u00a7 9 Datenschutz<br \/>Die Verarbeitung personenbezogener Daten erfolgt gem\u00e4\u00df der [Datenschutzerkl\u00e4rung](Link zur Datenschutzerkl\u00e4rung). Der Nutzer erkl\u00e4rt sich mit der Verarbeitung der Daten einverstanden, soweit dies zur Erbringung der Dienstleistung erforderlich ist.<br \/><br \/>\u00a7 10 Laufzeit und K\u00fcndigung<br \/>(1) Einmalige Zahlungen bieten Zugriff f\u00fcr die festgelegte Dauer des Vertrags.<br \/>(2) Abonnements k\u00f6nnen monatlich gek\u00fcndigt werden. Eine K\u00fcndigung ist mindestens 7 Tage vor dem n\u00e4chsten Zahlungszyklus schriftlich oder per E-Mail einzureichen.<br \/><br \/>\u00a7 11 \u00c4nderungen der AGB<br \/>(1) Der Anbieter beh\u00e4lt sich das Recht vor, diese AGB zu \u00e4ndern. \u00c4nderungen werden den Nutzern rechtzeitig mitgeteilt.<br \/>(2) Widerspricht der Nutzer den ge\u00e4nderten Bedingungen nicht innerhalb von 30 Tagen, gelten die \u00c4nderungen als akzeptiert.<br \/><br \/>\u00a7 12 Schlussbestimmungen<br \/>(1) Es gilt das Recht der Bundesrepublik Deutschland.<br \/>(2) Sollten einzelne Bestimmungen dieser AGB unwirksam sein, bleibt die Wirksamkeit der \u00fcbrigen Bestimmungen unber\u00fchrt.<br \/>(3) Gerichtsstand f\u00fcr alle Streitigkeiten aus diesem Vertragsverh\u00e4ltnis ist der Sitz des Anbieters.<br \/><br \/>Stand: 17.11.2024<br \/>Anbieter: Wilfried Jensen HoloKardio<\/pre>\n\n<p>\u00a0<\/p>\n\t\t\t\t\t\t\t\t<\/div>\n\t\t\t\t\t<\/div>\n\t\t\t\t<\/div>\n\t\t\t\t<\/div>\n\t\t","protected":false},"excerpt":{"rendered":"<p>HoloKardio Zur\u00fcck Allgemeine Gesch\u00e4ftsbedingungen (AGB) f\u00fcr das Projekt Holokardio mit KI\u00a7 1 Geltungsbereich und Anbieter(1) Diese Allgemeinen Gesch\u00e4ftsbedingungen (AGB) gelten f\u00fcr die Nutzung des Projekts Holokardio, insbesondere des digitalen Produkts chatbot, auf der Webseite [Ihre Webseite].(2) Anbieter und Vertragspartner ist [Wilfried Jensen HoloKardio, [Bakadschik 5, 8730 Boyanovo Bulgarien], [wj@holokardio.info], im Folgenden &#8222;Anbieter&#8220; genannt.\u00a7 2 Leistungsbeschreibung(1) [&hellip;]<\/p>\n","protected":false},"author":1,"featured_media":0,"parent":0,"menu_order":0,"comment_status":"closed","ping_status":"closed","template":"","meta":{"footnotes":""},"class_list":["post-490","page","type-page","status-publish","hentry"],"aioseo_notices":[],"_links":{"self":[{"href":"https:\/\/holokardio.info\/de\/wp-json\/wp\/v2\/pages\/490","targetHints":{"allow":["GET"]}}],"collection":[{"href":"https:\/\/holokardio.info\/de\/wp-json\/wp\/v2\/pages"}],"about":[{"href":"https:\/\/holokardio.info\/de\/wp-json\/wp\/v2\/types\/page"}],"author":[{"embeddable":true,"href":"https:\/\/holokardio.info\/de\/wp-json\/wp\/v2\/users\/1"}],"replies":[{"embeddable":true,"href":"https:\/\/holokardio.info\/de\/wp-json\/wp\/v2\/comments?post=490"}],"version-history":[{"count":6,"href":"https:\/\/holokardio.info\/de\/wp-json\/wp\/v2\/pages\/490\/revisions"}],"predecessor-version":[{"id":3176,"href":"https:\/\/holokardio.info\/de\/wp-json\/wp\/v2\/pages\/490\/revisions\/3176"}],"wp:attachment":[{"href":"https:\/\/holokardio.info\/de\/wp-json\/wp\/v2\/media?parent=490"}],"curies":[{"name":"wp","href":"https:\/\/api.w.org\/{rel}","templated":true}]}}