{"id":1975,"date":"2025-01-07T08:44:34","date_gmt":"2025-01-07T07:44:34","guid":{"rendered":"https:\/\/holokardio.info\/?page_id=1975"},"modified":"2026-04-01T16:45:09","modified_gmt":"2026-04-01T14:45:09","slug":"sobre-nosotros-2","status":"publish","type":"page","link":"https:\/\/holokardio.info\/es\/ueber-uns-2\/","title":{"rendered":"Wilfried"},"content":{"rendered":"<div data-elementor-type=\"wp-page\" data-elementor-id=\"1975\" class=\"elementor elementor-1975\" data-elementor-post-type=\"page\">\n\t\t\t\t<div class=\"elementor-element elementor-element-5cb168d e-grid e-con-boxed e-con e-parent\" data-id=\"5cb168d\" data-element_type=\"container\" data-e-type=\"container\">\n\t\t\t\t\t<div class=\"e-con-inner\">\n\t\t\t\t<div class=\"elementor-element elementor-element-52adf95 elementor-widget elementor-widget-image\" data-id=\"52adf95\" data-element_type=\"widget\" data-e-type=\"widget\" data-widget_type=\"image.default\">\n\t\t\t\t\t\t\t\t\t\t\t\t<figure class=\"wp-caption\">\n\t\t\t\t\t\t\t\t\t\t<img decoding=\"async\" width=\"150\" height=\"150\" src=\"https:\/\/holokardio.info\/wp-content\/uploads\/2025\/01\/PXL_20240529_071849946.MP_-150x150.webp\" class=\"attachment-thumbnail size-thumbnail wp-image-1979\" alt=\"Wilfried Jensen - Fundador de HoloKardio\" \/>\t\t\t\t\t\t\t\t\t\t\t<figcaption class=\"widget-image-caption wp-caption-text\">Wilfried Jensen<\/figcaption>\n\t\t\t\t\t\t\t\t\t\t<\/figure>\n\t\t\t\t\t\t\t\t\t<\/div>\n\t\t\t\t<div class=\"elementor-element elementor-element-bb44df7 elementor-widget__width-inherit elementor-widget elementor-widget-global elementor-global-187 elementor-widget-image\" data-id=\"bb44df7\" data-element_type=\"widget\" data-e-type=\"widget\" data-widget_type=\"image.default\">\n\t\t\t\t\t\t\t\t\t\t\t\t<figure class=\"wp-caption\">\n\t\t\t\t\t\t\t\t\t\t\t<a href=\"https:\/\/holokardio.info\/es\/\">\n\t\t\t\t\t\t\t<img decoding=\"async\" width=\"29\" height=\"26\" src=\"https:\/\/holokardio.info\/wp-content\/uploads\/2024\/10\/Logo-3-3.webp\" class=\"attachment-full size-full wp-image-138\" alt=\"\" \/>\t\t\t\t\t\t\t\t<\/a>\n\t\t\t\t\t\t\t\t\t\t\t<figcaption class=\"widget-image-caption wp-caption-text\">HoloCardio<\/figcaption>\n\t\t\t\t\t\t\t\t\t\t<\/figure>\n\t\t\t\t\t\t\t\t\t<\/div>\n\t\t\t\t<div class=\"elementor-element elementor-element-8b193de elementor-nav-menu--dropdown-tablet elementor-nav-menu__text-align-aside elementor-nav-menu--toggle elementor-nav-menu--burger elementor-widget elementor-widget-nav-menu\" data-id=\"8b193de\" data-element_type=\"widget\" data-e-type=\"widget\" data-settings=\"{&quot;layout&quot;:&quot;horizontal&quot;,&quot;submenu_icon&quot;:{&quot;value&quot;:&quot;&lt;svg aria-hidden=\\&quot;true\\&quot; class=\\&quot;e-font-icon-svg e-fas-caret-down\\&quot; viewBox=\\&quot;0 0 320 512\\&quot; xmlns=\\&quot;http:\\\/\\\/www.w3.org\\\/2000\\\/svg\\&quot;&gt;&lt;path d=\\&quot;M31.3 192h257.3c17.8 0 26.7 21.5 14.1 34.1L174.1 354.8c-7.8 7.8-20.5 7.8-28.3 0L17.2 226.1C4.6 213.5 13.5 192 31.3 192z\\&quot;&gt;&lt;\\\/path&gt;&lt;\\\/svg&gt;&quot;,&quot;library&quot;:&quot;fa-solid&quot;},&quot;toggle&quot;:&quot;burger&quot;}\" data-widget_type=\"nav-menu.default\">\n\t\t\t\t\t\t\t\t<nav aria-label=\"Men\u00fa\" class=\"elementor-nav-menu--main elementor-nav-menu__container elementor-nav-menu--layout-horizontal e--pointer-underline e--animation-fade\">\n\t\t\t\t<ul id=\"menu-1-8b193de\" class=\"elementor-nav-menu\"><li class=\"menu-item menu-item-type-custom menu-item-object-custom menu-item-has-children menu-item-4325\"><a href=\"#\" class=\"elementor-item elementor-item-anchor\">Inicio<\/a>\n<ul class=\"sub-menu elementor-nav-menu--dropdown\">\n\t<li class=\"menu-item menu-item-type-post_type menu-item-object-page menu-item-home menu-item-1185\"><a href=\"https:\/\/holokardio.info\/es\/\" class=\"elementor-sub-item\">HoloKardio Un lugar donde la transformaci\u00f3n puede ocurrir<\/a><\/li>\n<\/ul>\n<\/li>\n<li class=\"menu-item menu-item-type-custom menu-item-object-custom menu-item-has-children menu-item-4567\"><a href=\"#\" class=\"elementor-item elementor-item-anchor\">Filosof\u00eda y fuentes<\/a>\n<ul class=\"sub-menu elementor-nav-menu--dropdown\">\n\t<li class=\"menu-item menu-item-type-post_type menu-item-object-page menu-item-3516\"><a href=\"https:\/\/holokardio.info\/es\/hintergrund-informationen\/\" class=\"elementor-sub-item\">Informaci\u00f3n de fondo<\/a><\/li>\n\t<li class=\"menu-item menu-item-type-post_type menu-item-object-page menu-item-4539\"><a href=\"https:\/\/holokardio.info\/es\/karte-der-struckturen\/\" class=\"elementor-sub-item\">Mapa de las estructuras (interactivo)<\/a><\/li>\n<\/ul>\n<\/li>\n<li class=\"menu-item menu-item-type-custom menu-item-object-custom menu-item-has-children menu-item-4289\"><a href=\"#\" class=\"elementor-item elementor-item-anchor\">Ofertas interactivas<\/a>\n<ul class=\"sub-menu elementor-nav-menu--dropdown\">\n\t<li class=\"menu-item menu-item-type-post_type menu-item-object-page menu-item-has-children menu-item-4377\"><a href=\"https:\/\/holokardio.info\/es\/persoenliche-kosmologische-matrix\/\" class=\"elementor-sub-item\">Matriz cosmol\u00f3gica personal<\/a>\n\t<ul class=\"sub-menu elementor-nav-menu--dropdown\">\n\t\t<li class=\"menu-item menu-item-type-post_type menu-item-object-page menu-item-4179\"><a href=\"https:\/\/holokardio.info\/es\/mitarbeiter\/\" class=\"elementor-sub-item\">A la invitaci\u00f3n al di\u00e1logo<\/a><\/li>\n\t<\/ul>\n<\/li>\n\t<li class=\"menu-item menu-item-type-post_type menu-item-object-page menu-item-4572\"><a href=\"https:\/\/holokardio.info\/es\/karte-des-lebens\/\" class=\"elementor-sub-item\">Mapa de la vida<\/a><\/li>\n<\/ul>\n<\/li>\n<li class=\"menu-item menu-item-type-custom menu-item-object-custom menu-item-has-children menu-item-3292\"><a href=\"#\" class=\"elementor-item elementor-item-anchor\">Sobre nosotros<\/a>\n<ul class=\"sub-menu elementor-nav-menu--dropdown\">\n\t<li class=\"menu-item menu-item-type-post_type menu-item-object-page menu-item-has-children menu-item-3515\"><a href=\"https:\/\/holokardio.info\/es\/ueber-uns-2\/\" class=\"elementor-sub-item\">Wilfried Jensen<\/a>\n\t<ul class=\"sub-menu elementor-nav-menu--dropdown\">\n\t\t<li class=\"menu-item menu-item-type-post_type menu-item-object-page menu-item-3689\"><a href=\"https:\/\/holokardio.info\/es\/bilder-aus-dem-inneren\/\" class=\"elementor-sub-item\">Fotos del interior<\/a><\/li>\n\t<\/ul>\n<\/li>\n\t<li class=\"menu-item menu-item-type-post_type menu-item-object-page menu-item-2461\"><a href=\"https:\/\/holokardio.info\/es\/kontakt\/\" class=\"elementor-sub-item\">Contacte con nosotros<\/a><\/li>\n<\/ul>\n<\/li>\n<li class=\"menu-item menu-item-type-post_type menu-item-object-page menu-item-3567\"><a href=\"https:\/\/holokardio.info\/es\/faq\/\" class=\"elementor-item\">PREGUNTAS FRECUENTES<\/a><\/li>\n<\/ul>\t\t\t<\/nav>\n\t\t\t\t\t<div class=\"elementor-menu-toggle\" role=\"button\" tabindex=\"0\" aria-label=\"Alternar men\u00fa\" aria-expanded=\"false\">\n\t\t\t<svg aria-hidden=\"true\" role=\"presentation\" class=\"elementor-menu-toggle__icon--open e-font-icon-svg e-eicon-menu-bar\" viewbox=\"0 0 1000 1000\" xmlns=\"http:\/\/www.w3.org\/2000\/svg\"><path d=\"M104 333H896C929 333 958 304 958 271S929 208 896 208H104C71 208 42 237 42 271S71 333 104 333ZM104 583H896C929 583 958 554 958 521S929 458 896 458H104C71 458 42 487 42 521S71 583 104 583ZM104 833H896C929 833 958 804 958 771S929 708 896 708H104C71 708 42 737 42 771S71 833 104 833Z\"><\/path><\/svg><svg aria-hidden=\"true\" role=\"presentation\" class=\"elementor-menu-toggle__icon--close e-font-icon-svg e-eicon-close\" viewbox=\"0 0 1000 1000\" xmlns=\"http:\/\/www.w3.org\/2000\/svg\"><path d=\"M742 167L500 408 258 167C246 154 233 150 217 150 196 150 179 158 167 167 154 179 150 196 150 212 150 229 154 242 171 254L408 500 167 742C138 771 138 800 167 829 196 858 225 858 254 829L496 587 738 829C750 842 767 846 783 846 800 846 817 842 829 829 842 817 846 804 846 783 846 767 842 750 829 737L588 500 833 258C863 229 863 200 833 171 804 137 775 137 742 167Z\"><\/path><\/svg>\t\t<\/div>\n\t\t\t\t\t<nav class=\"elementor-nav-menu--dropdown elementor-nav-menu__container\" aria-hidden=\"true\">\n\t\t\t\t<ul id=\"menu-2-8b193de\" class=\"elementor-nav-menu\"><li class=\"menu-item menu-item-type-custom menu-item-object-custom menu-item-has-children menu-item-4325\"><a href=\"#\" class=\"elementor-item elementor-item-anchor\" tabindex=\"-1\">Inicio<\/a>\n<ul class=\"sub-menu elementor-nav-menu--dropdown\">\n\t<li class=\"menu-item menu-item-type-post_type menu-item-object-page menu-item-home menu-item-1185\"><a href=\"https:\/\/holokardio.info\/es\/\" class=\"elementor-sub-item\" tabindex=\"-1\">HoloKardio Un lugar donde la transformaci\u00f3n puede ocurrir<\/a><\/li>\n<\/ul>\n<\/li>\n<li class=\"menu-item menu-item-type-custom menu-item-object-custom menu-item-has-children menu-item-4567\"><a href=\"#\" class=\"elementor-item elementor-item-anchor\" tabindex=\"-1\">Filosof\u00eda y fuentes<\/a>\n<ul class=\"sub-menu elementor-nav-menu--dropdown\">\n\t<li class=\"menu-item menu-item-type-post_type menu-item-object-page menu-item-3516\"><a href=\"https:\/\/holokardio.info\/es\/hintergrund-informationen\/\" class=\"elementor-sub-item\" tabindex=\"-1\">Informaci\u00f3n de fondo<\/a><\/li>\n\t<li class=\"menu-item menu-item-type-post_type menu-item-object-page menu-item-4539\"><a href=\"https:\/\/holokardio.info\/es\/karte-der-struckturen\/\" class=\"elementor-sub-item\" tabindex=\"-1\">Mapa de las estructuras (interactivo)<\/a><\/li>\n<\/ul>\n<\/li>\n<li class=\"menu-item menu-item-type-custom menu-item-object-custom menu-item-has-children menu-item-4289\"><a href=\"#\" class=\"elementor-item elementor-item-anchor\" tabindex=\"-1\">Ofertas interactivas<\/a>\n<ul class=\"sub-menu elementor-nav-menu--dropdown\">\n\t<li class=\"menu-item menu-item-type-post_type menu-item-object-page menu-item-has-children menu-item-4377\"><a href=\"https:\/\/holokardio.info\/es\/persoenliche-kosmologische-matrix\/\" class=\"elementor-sub-item\" tabindex=\"-1\">Matriz cosmol\u00f3gica personal<\/a>\n\t<ul class=\"sub-menu elementor-nav-menu--dropdown\">\n\t\t<li class=\"menu-item menu-item-type-post_type menu-item-object-page menu-item-4179\"><a href=\"https:\/\/holokardio.info\/es\/mitarbeiter\/\" class=\"elementor-sub-item\" tabindex=\"-1\">A la invitaci\u00f3n al di\u00e1logo<\/a><\/li>\n\t<\/ul>\n<\/li>\n\t<li class=\"menu-item menu-item-type-post_type menu-item-object-page menu-item-4572\"><a href=\"https:\/\/holokardio.info\/es\/karte-des-lebens\/\" class=\"elementor-sub-item\" tabindex=\"-1\">Mapa de la vida<\/a><\/li>\n<\/ul>\n<\/li>\n<li class=\"menu-item menu-item-type-custom menu-item-object-custom menu-item-has-children menu-item-3292\"><a href=\"#\" class=\"elementor-item elementor-item-anchor\" tabindex=\"-1\">Sobre nosotros<\/a>\n<ul class=\"sub-menu elementor-nav-menu--dropdown\">\n\t<li class=\"menu-item menu-item-type-post_type menu-item-object-page menu-item-has-children menu-item-3515\"><a href=\"https:\/\/holokardio.info\/es\/ueber-uns-2\/\" class=\"elementor-sub-item\" tabindex=\"-1\">Wilfried Jensen<\/a>\n\t<ul class=\"sub-menu elementor-nav-menu--dropdown\">\n\t\t<li class=\"menu-item menu-item-type-post_type menu-item-object-page menu-item-3689\"><a href=\"https:\/\/holokardio.info\/es\/bilder-aus-dem-inneren\/\" class=\"elementor-sub-item\" tabindex=\"-1\">Fotos del interior<\/a><\/li>\n\t<\/ul>\n<\/li>\n\t<li class=\"menu-item menu-item-type-post_type menu-item-object-page menu-item-2461\"><a href=\"https:\/\/holokardio.info\/es\/kontakt\/\" class=\"elementor-sub-item\" tabindex=\"-1\">Contacte con nosotros<\/a><\/li>\n<\/ul>\n<\/li>\n<li class=\"menu-item menu-item-type-post_type menu-item-object-page menu-item-3567\"><a href=\"https:\/\/holokardio.info\/es\/faq\/\" class=\"elementor-item\" tabindex=\"-1\">PREGUNTAS FRECUENTES<\/a><\/li>\n<\/ul>\t\t\t<\/nav>\n\t\t\t\t\t\t<\/div>\n\t\t\t\t\t<\/div>\n\t\t\t\t<\/div>\n\t\t<div class=\"elementor-element elementor-element-b6d5f0a e-flex e-con-boxed e-con e-parent\" data-id=\"b6d5f0a\" data-element_type=\"container\" data-e-type=\"container\">\n\t\t\t\t\t<div class=\"e-con-inner\">\n\t\t\t\t<div class=\"elementor-element elementor-element-9788f7c elementor-widget elementor-widget-heading\" data-id=\"9788f7c\" data-element_type=\"widget\" data-e-type=\"widget\" data-widget_type=\"heading.default\">\n\t\t\t\t\t<h1 class=\"elementor-heading-title elementor-size-default\">Wilfried Jensen<\/h1>\t\t\t\t<\/div>\n\t\t\t\t\t<\/div>\n\t\t\t\t<\/div>\n\t\t<div class=\"elementor-element elementor-element-952e28c e-flex e-con-boxed e-con e-parent\" data-id=\"952e28c\" data-element_type=\"container\" data-e-type=\"container\">\n\t\t\t\t\t<div class=\"e-con-inner\">\n\t\t\t\t<div class=\"elementor-element elementor-element-5672728 elementor-widget elementor-widget-text-editor\" data-id=\"5672728\" data-element_type=\"widget\" data-e-type=\"widget\" data-widget_type=\"text-editor.default\">\n\t\t\t\t\t\t\t\t\t<h3>Qui\u00e9n soy - y qu\u00e9 me gu\u00eda<\/h3><h4 class=\"translation-block\">Esta p\u00e1gina le ofrece una visi\u00f3n de mi viaje personal y espiritual.<br data-start=\"310\" data-end=\"313\">Aprender\u00e1 c\u00f3mo se ha desarrollado mi b\u00fasqueda de sentido, verdad y claridad interior - y por qu\u00e9 se utilizan hoy en d\u00eda t\u00e9rminos como <strong data-start=\"434\" data-end=\"452\">gu\u00eda interior<\/strong>, <strong data-start=\"454\" data-end=\"471\">autenticidad<\/strong>, <strong data-start=\"473\" data-end=\"492\">sabidur\u00eda del coraz\u00f3n<\/strong> y el <strong data-start=\"501\" data-end=\"536\">desarrollo de la propia firma<\/strong> est\u00e1n en el centro de mi vida y mi trabajo.<br data-start=\"581\" data-end=\"584\">Mi objetivo es compartir estas experiencias con los dem\u00e1s, como impulso para encontrarse m\u00e1s profundamente con uno mismo y confiar en el propio camino.<\/h4><h3>Sobre m\u00ed<\/h3><h4 class=\"translation-block\">Nac\u00ed en Berl\u00edn en 1951. Cuando ten\u00eda unos 20 a\u00f1os, empec\u00e9 a reflexionar intensamente sobre la pregunta: <strong data-start=\"856\" data-end=\"893\">\"\u00bfQui\u00e9n y qu\u00e9 soy en realidad?\"<\/strong><br data-start=\"893\" data-end=\"896\">Esta b\u00fasqueda me llev\u00f3 a explorar la religi\u00f3n y la espiritualidad, no s\u00f3lo como orientaci\u00f3n personal, sino tambi\u00e9n como parte de mi trayectoria profesional.<\/h4><h3>A mi manera<\/h3><h4>Mi formaci\u00f3n se centr\u00f3 en el cuidado y acompa\u00f1amiento de personas.<br \/>Al mismo tiempo, asist\u00ed a numerosos cursos que me ayudaron a combinar la espiritualidad y la vida cotidiana. Tuve la oportunidad de aprender diversas formas de meditaci\u00f3n y m\u00e9todos para la autorreflexi\u00f3n y el trabajo con el inconsciente de diferentes maestros.<br \/>A trav\u00e9s de mis propias experiencias, me he dado cuenta de lo transformadoras y \u00fatiles que pueden ser estas v\u00edas para encontrar claridad en la vida. De ah\u00ed mi deseo de transmitir estos conocimientos para ayudar a los dem\u00e1s a comprender mejor su mundo interior y a crecer a partir de \u00e9l.<\/h4><h3>La diversidad como fuerza<\/h3><h4 class=\"translation-block\">He estudiado varias <strong data-start=\"1828\" data-end=\"1856\">tradiciones espirituales<\/strong> de diferentes religiones y me he dado cuenta de lo valioso que es trabajar con una <strong data-start=\"1946\" data-end=\"1971\">variedad de m\u00e9todos<\/strong>.<br data-start=\"1984\" data-end=\"1987\">Cada m\u00e9todo tiene su propio poder. Abre nuevas perspectivas y ayuda a modelar la vida <strong data-start=\"2080\" data-end=\"2104\">de forma m\u00e1s consciente y clara<\/strong>.<\/h4><h3>Liderazgo interior: una primera toma de conciencia clave<\/h3><h4>Una realizaci\u00f3n esencial de mi camino es Hay un gu\u00eda interior en cada persona.<br \/>Algunos lo sienten como una suave direcci\u00f3n desde el interior, otros como una inspiraci\u00f3n repentina o como una sensaci\u00f3n de calma o inquietud que indica si un camino es correcto o no.<br \/>Esta orientaci\u00f3n puede manifestarse de forma intuitiva, emocional o energ\u00e9tica, individualmente y de formas muy diferentes.<br \/>Sin embargo, esta voz interior suele quedar anulada por pensamientos, preocupaciones o est\u00edmulos externos. En un mundo lleno de distracciones y bombardeos constantes, muchas personas pierden el contacto con esta fuente interior.<br \/>S\u00f3lo cuando reducimos las influencias externas y permitimos de nuevo el camino hacia el interior, esta sabidur\u00eda puede mostrarse de nuevo.<br \/>Es un camino de atenci\u00f3n plena, paciencia y apertura interior.<\/h4><h3>La firma individual: un segundo hallazgo clave<\/h3><h4>Mi segunda constataci\u00f3n fundamental es que cada ser tiene una firma \u00fanica.<br \/>Se manifiesta en la forma, el carisma y la presencia, no como una caracter\u00edstica r\u00edgida, sino como una expresi\u00f3n viva de la propia esencia.<br \/>Una persona que vive en armon\u00eda con su firma irradia una armon\u00eda interior que los dem\u00e1s pueden sentir, como autenticidad, paz y belleza tranquila.<br \/>Esta forma de belleza es independiente de la apariencia. Conmueve porque es real.<br \/>Cumplir esta forma es un viaje que dura toda la vida. Requiere que nos enfrentemos a nuestros conflictos, desarrollemos nuestro potencial y orientemos nuestra vida hacia la veracidad y el amor.<br \/>Esto crea una profunda sensaci\u00f3n de paz interior y plenitud, que se manifiesta de forma natural en el exterior.<\/h4><h3>La autenticidad como forma de vida<\/h3><h4 class=\"translation-block\">Una persona que vive su firma se convierte en una <strong data-start=\"3956\" data-end=\"3971\">inspiraci\u00f3n<\/strong>.<br data-start=\"3972\" data-end=\"3975\">Encarnan la posibilidad de vivir con claridad, sentido y armon\u00eda - no s\u00f3lo por su propio bien, sino tambi\u00e9n por el bien de los dem\u00e1s.<\/h4><h3>El \u00faltimo horizonte: Satchidananda<\/h3><h4>Para m\u00ed, el resultado final es una experiencia que lo supera todo: Satchidananda - ser, conciencia, dicha.<br \/>En los momentos en los que ya no se piensa, ya no se desea, ya no hay distracci\u00f3n, hay una alegr\u00eda extatica, libre de causa, independiente de las circunstancias.<br \/>Es la alegr\u00eda de la vida misma, de simplemente ser. Una existencia que ya no se esfuerza por algo, sino que simplemente vive.<\/h4><h4>\u00daltima actualizaci\u00f3n: 3 de agosto de 2025<\/h4>\t\t\t\t\t\t\t\t<\/div>\n\t\t\t\t\t<\/div>\n\t\t\t\t<\/div>\n\t\t\t\t<\/div>","protected":false},"excerpt":{"rendered":"<p>Wilfried Jensen HoloKardio Wilfried Jensen Wer ich bin \u2013 und was mich leitet Diese Seite gibt dir einen Einblick in meinen pers\u00f6nlichen und spirituellen Weg.Du erf\u00e4hrst, wie sich meine Suche nach Sinn, Wahrheit und innerer Klarheit entwickelt hat \u2013 und warum heute Begriffe wie innere F\u00fchrung, Authentizit\u00e4t, Herzensweisheit und die Entfaltung der eigenen Signatur im [&hellip;]<\/p>\n","protected":false},"author":1,"featured_media":0,"parent":0,"menu_order":0,"comment_status":"closed","ping_status":"closed","template":"elementor_canvas","meta":{"footnotes":""},"class_list":["post-1975","page","type-page","status-publish","hentry"],"aioseo_notices":[],"_links":{"self":[{"href":"https:\/\/holokardio.info\/es\/wp-json\/wp\/v2\/pages\/1975","targetHints":{"allow":["GET"]}}],"collection":[{"href":"https:\/\/holokardio.info\/es\/wp-json\/wp\/v2\/pages"}],"about":[{"href":"https:\/\/holokardio.info\/es\/wp-json\/wp\/v2\/types\/page"}],"author":[{"embeddable":true,"href":"https:\/\/holokardio.info\/es\/wp-json\/wp\/v2\/users\/1"}],"replies":[{"embeddable":true,"href":"https:\/\/holokardio.info\/es\/wp-json\/wp\/v2\/comments?post=1975"}],"version-history":[{"count":84,"href":"https:\/\/holokardio.info\/es\/wp-json\/wp\/v2\/pages\/1975\/revisions"}],"predecessor-version":[{"id":3761,"href":"https:\/\/holokardio.info\/es\/wp-json\/wp\/v2\/pages\/1975\/revisions\/3761"}],"wp:attachment":[{"href":"https:\/\/holokardio.info\/es\/wp-json\/wp\/v2\/media?parent=1975"}],"curies":[{"name":"wp","href":"https:\/\/api.w.org\/{rel}","templated":true}]}}