{"id":1975,"date":"2025-01-07T08:44:34","date_gmt":"2025-01-07T07:44:34","guid":{"rendered":"https:\/\/holokardio.info\/?page_id=1975"},"modified":"2026-04-01T16:45:09","modified_gmt":"2026-04-01T14:45:09","slug":"a-propos-de-nous-2","status":"publish","type":"page","link":"https:\/\/holokardio.info\/fr\/ueber-uns-2\/","title":{"rendered":"Wilfried"},"content":{"rendered":"<div data-elementor-type=\"wp-page\" data-elementor-id=\"1975\" class=\"elementor elementor-1975\" data-elementor-post-type=\"page\">\n\t\t\t\t<div class=\"elementor-element elementor-element-5cb168d e-grid e-con-boxed e-con e-parent\" data-id=\"5cb168d\" data-element_type=\"container\" data-e-type=\"container\">\n\t\t\t\t\t<div class=\"e-con-inner\">\n\t\t\t\t<div class=\"elementor-element elementor-element-52adf95 elementor-widget elementor-widget-image\" data-id=\"52adf95\" data-element_type=\"widget\" data-e-type=\"widget\" data-widget_type=\"image.default\">\n\t\t\t\t\t\t\t\t\t\t\t\t<figure class=\"wp-caption\">\n\t\t\t\t\t\t\t\t\t\t<img decoding=\"async\" width=\"150\" height=\"150\" src=\"https:\/\/holokardio.info\/wp-content\/uploads\/2025\/01\/PXL_20240529_071849946.MP_-150x150.webp\" class=\"attachment-thumbnail size-thumbnail wp-image-1979\" alt=\"Wilfried Jensen \u2014 Fondateur de HoloKardio\" \/>\t\t\t\t\t\t\t\t\t\t\t<figcaption class=\"widget-image-caption wp-caption-text\">Wilfried Jensen<\/figcaption>\n\t\t\t\t\t\t\t\t\t\t<\/figure>\n\t\t\t\t\t\t\t\t\t<\/div>\n\t\t\t\t<div class=\"elementor-element elementor-element-bb44df7 elementor-widget__width-inherit elementor-widget elementor-widget-global elementor-global-187 elementor-widget-image\" data-id=\"bb44df7\" data-element_type=\"widget\" data-e-type=\"widget\" data-widget_type=\"image.default\">\n\t\t\t\t\t\t\t\t\t\t\t\t<figure class=\"wp-caption\">\n\t\t\t\t\t\t\t\t\t\t\t<a href=\"https:\/\/holokardio.info\/fr\/\">\n\t\t\t\t\t\t\t<img decoding=\"async\" width=\"29\" height=\"26\" src=\"https:\/\/holokardio.info\/wp-content\/uploads\/2024\/10\/Logo-3-3.webp\" class=\"attachment-full size-full wp-image-138\" alt=\"\" \/>\t\t\t\t\t\t\t\t<\/a>\n\t\t\t\t\t\t\t\t\t\t\t<figcaption class=\"widget-image-caption wp-caption-text\">HoloKardio<\/figcaption>\n\t\t\t\t\t\t\t\t\t\t<\/figure>\n\t\t\t\t\t\t\t\t\t<\/div>\n\t\t\t\t<div class=\"elementor-element elementor-element-8b193de elementor-nav-menu--dropdown-tablet elementor-nav-menu__text-align-aside elementor-nav-menu--toggle elementor-nav-menu--burger elementor-widget elementor-widget-nav-menu\" data-id=\"8b193de\" data-element_type=\"widget\" data-e-type=\"widget\" data-settings=\"{&quot;layout&quot;:&quot;horizontal&quot;,&quot;submenu_icon&quot;:{&quot;value&quot;:&quot;&lt;svg aria-hidden=\\&quot;true\\&quot; class=\\&quot;e-font-icon-svg e-fas-caret-down\\&quot; viewBox=\\&quot;0 0 320 512\\&quot; xmlns=\\&quot;http:\\\/\\\/www.w3.org\\\/2000\\\/svg\\&quot;&gt;&lt;path d=\\&quot;M31.3 192h257.3c17.8 0 26.7 21.5 14.1 34.1L174.1 354.8c-7.8 7.8-20.5 7.8-28.3 0L17.2 226.1C4.6 213.5 13.5 192 31.3 192z\\&quot;&gt;&lt;\\\/path&gt;&lt;\\\/svg&gt;&quot;,&quot;library&quot;:&quot;fa-solid&quot;},&quot;toggle&quot;:&quot;burger&quot;}\" data-widget_type=\"nav-menu.default\">\n\t\t\t\t\t\t\t\t<nav aria-label=\"Menu\" class=\"elementor-nav-menu--main elementor-nav-menu__container elementor-nav-menu--layout-horizontal e--pointer-underline e--animation-fade\">\n\t\t\t\t<ul id=\"menu-1-8b193de\" class=\"elementor-nav-menu\"><li class=\"menu-item menu-item-type-custom menu-item-object-custom menu-item-has-children menu-item-4325\"><a href=\"#\" class=\"elementor-item elementor-item-anchor\">Accueil<\/a>\n<ul class=\"sub-menu elementor-nav-menu--dropdown\">\n\t<li class=\"menu-item menu-item-type-post_type menu-item-object-page menu-item-home menu-item-1185\"><a href=\"https:\/\/holokardio.info\/fr\/\" class=\"elementor-sub-item\">HoloKardio un endroit o\u00f9 la transformation peut avoir lieu<\/a><\/li>\n<\/ul>\n<\/li>\n<li class=\"menu-item menu-item-type-custom menu-item-object-custom menu-item-has-children menu-item-4567\"><a href=\"#\" class=\"elementor-item elementor-item-anchor\">Philosophie et sources<\/a>\n<ul class=\"sub-menu elementor-nav-menu--dropdown\">\n\t<li class=\"menu-item menu-item-type-post_type menu-item-object-page menu-item-3516\"><a href=\"https:\/\/holokardio.info\/fr\/hintergrund-informationen\/\" class=\"elementor-sub-item\">Informations g\u00e9n\u00e9rales<\/a><\/li>\n\t<li class=\"menu-item menu-item-type-post_type menu-item-object-page menu-item-4539\"><a href=\"https:\/\/holokardio.info\/fr\/karte-der-struckturen\/\" class=\"elementor-sub-item\">Carte des structures (interactive)<\/a><\/li>\n<\/ul>\n<\/li>\n<li class=\"menu-item menu-item-type-custom menu-item-object-custom menu-item-has-children menu-item-4289\"><a href=\"#\" class=\"elementor-item elementor-item-anchor\">Offres interactives<\/a>\n<ul class=\"sub-menu elementor-nav-menu--dropdown\">\n\t<li class=\"menu-item menu-item-type-post_type menu-item-object-page menu-item-has-children menu-item-4377\"><a href=\"https:\/\/holokardio.info\/fr\/persoenliche-kosmologische-matrix\/\" class=\"elementor-sub-item\">Matrice cosmologique personnelle<\/a>\n\t<ul class=\"sub-menu elementor-nav-menu--dropdown\">\n\t\t<li class=\"menu-item menu-item-type-post_type menu-item-object-page menu-item-4179\"><a href=\"https:\/\/holokardio.info\/fr\/mitarbeiter\/\" class=\"elementor-sub-item\">Vers l'invitation \u00e0 l'entretien<\/a><\/li>\n\t<\/ul>\n<\/li>\n\t<li class=\"menu-item menu-item-type-post_type menu-item-object-page menu-item-4572\"><a href=\"https:\/\/holokardio.info\/fr\/karte-des-lebens\/\" class=\"elementor-sub-item\">Carte de vie<\/a><\/li>\n<\/ul>\n<\/li>\n<li class=\"menu-item menu-item-type-custom menu-item-object-custom menu-item-has-children menu-item-3292\"><a href=\"#\" class=\"elementor-item elementor-item-anchor\">\u00c0 propos de nous<\/a>\n<ul class=\"sub-menu elementor-nav-menu--dropdown\">\n\t<li class=\"menu-item menu-item-type-post_type menu-item-object-page menu-item-has-children menu-item-3515\"><a href=\"https:\/\/holokardio.info\/fr\/ueber-uns-2\/\" class=\"elementor-sub-item\">Wilfried Jensen<\/a>\n\t<ul class=\"sub-menu elementor-nav-menu--dropdown\">\n\t\t<li class=\"menu-item menu-item-type-post_type menu-item-object-page menu-item-3689\"><a href=\"https:\/\/holokardio.info\/fr\/bilder-aus-dem-inneren\/\" class=\"elementor-sub-item\">Images de l'int\u00e9rieur<\/a><\/li>\n\t<\/ul>\n<\/li>\n\t<li class=\"menu-item menu-item-type-post_type menu-item-object-page menu-item-2461\"><a href=\"https:\/\/holokardio.info\/fr\/kontakt\/\" class=\"elementor-sub-item\">Contact<\/a><\/li>\n<\/ul>\n<\/li>\n<li class=\"menu-item menu-item-type-post_type menu-item-object-page menu-item-3567\"><a href=\"https:\/\/holokardio.info\/fr\/faq\/\" class=\"elementor-item\">FAQ<\/a><\/li>\n<\/ul>\t\t\t<\/nav>\n\t\t\t\t\t<div class=\"elementor-menu-toggle\" role=\"button\" tabindex=\"0\" aria-label=\"Permuter le menu\" aria-expanded=\"false\">\n\t\t\t<svg aria-hidden=\"true\" role=\"presentation\" class=\"elementor-menu-toggle__icon--open e-font-icon-svg e-eicon-menu-bar\" viewbox=\"0 0 1000 1000\" xmlns=\"http:\/\/www.w3.org\/2000\/svg\"><path d=\"M104 333H896C929 333 958 304 958 271S929 208 896 208H104C71 208 42 237 42 271S71 333 104 333ZM104 583H896C929 583 958 554 958 521S929 458 896 458H104C71 458 42 487 42 521S71 583 104 583ZM104 833H896C929 833 958 804 958 771S929 708 896 708H104C71 708 42 737 42 771S71 833 104 833Z\"><\/path><\/svg><svg aria-hidden=\"true\" role=\"presentation\" class=\"elementor-menu-toggle__icon--close e-font-icon-svg e-eicon-close\" viewbox=\"0 0 1000 1000\" xmlns=\"http:\/\/www.w3.org\/2000\/svg\"><path d=\"M742 167L500 408 258 167C246 154 233 150 217 150 196 150 179 158 167 167 154 179 150 196 150 212 150 229 154 242 171 254L408 500 167 742C138 771 138 800 167 829 196 858 225 858 254 829L496 587 738 829C750 842 767 846 783 846 800 846 817 842 829 829 842 817 846 804 846 783 846 767 842 750 829 737L588 500 833 258C863 229 863 200 833 171 804 137 775 137 742 167Z\"><\/path><\/svg>\t\t<\/div>\n\t\t\t\t\t<nav class=\"elementor-nav-menu--dropdown elementor-nav-menu__container\" aria-hidden=\"true\">\n\t\t\t\t<ul id=\"menu-2-8b193de\" class=\"elementor-nav-menu\"><li class=\"menu-item menu-item-type-custom menu-item-object-custom menu-item-has-children menu-item-4325\"><a href=\"#\" class=\"elementor-item elementor-item-anchor\" tabindex=\"-1\">Accueil<\/a>\n<ul class=\"sub-menu elementor-nav-menu--dropdown\">\n\t<li class=\"menu-item menu-item-type-post_type menu-item-object-page menu-item-home menu-item-1185\"><a href=\"https:\/\/holokardio.info\/fr\/\" class=\"elementor-sub-item\" tabindex=\"-1\">HoloKardio un endroit o\u00f9 la transformation peut avoir lieu<\/a><\/li>\n<\/ul>\n<\/li>\n<li class=\"menu-item menu-item-type-custom menu-item-object-custom menu-item-has-children menu-item-4567\"><a href=\"#\" class=\"elementor-item elementor-item-anchor\" tabindex=\"-1\">Philosophie et sources<\/a>\n<ul class=\"sub-menu elementor-nav-menu--dropdown\">\n\t<li class=\"menu-item menu-item-type-post_type menu-item-object-page menu-item-3516\"><a href=\"https:\/\/holokardio.info\/fr\/hintergrund-informationen\/\" class=\"elementor-sub-item\" tabindex=\"-1\">Informations g\u00e9n\u00e9rales<\/a><\/li>\n\t<li class=\"menu-item menu-item-type-post_type menu-item-object-page menu-item-4539\"><a href=\"https:\/\/holokardio.info\/fr\/karte-der-struckturen\/\" class=\"elementor-sub-item\" tabindex=\"-1\">Carte des structures (interactive)<\/a><\/li>\n<\/ul>\n<\/li>\n<li class=\"menu-item menu-item-type-custom menu-item-object-custom menu-item-has-children menu-item-4289\"><a href=\"#\" class=\"elementor-item elementor-item-anchor\" tabindex=\"-1\">Offres interactives<\/a>\n<ul class=\"sub-menu elementor-nav-menu--dropdown\">\n\t<li class=\"menu-item menu-item-type-post_type menu-item-object-page menu-item-has-children menu-item-4377\"><a href=\"https:\/\/holokardio.info\/fr\/persoenliche-kosmologische-matrix\/\" class=\"elementor-sub-item\" tabindex=\"-1\">Matrice cosmologique personnelle<\/a>\n\t<ul class=\"sub-menu elementor-nav-menu--dropdown\">\n\t\t<li class=\"menu-item menu-item-type-post_type menu-item-object-page menu-item-4179\"><a href=\"https:\/\/holokardio.info\/fr\/mitarbeiter\/\" class=\"elementor-sub-item\" tabindex=\"-1\">Vers l'invitation \u00e0 l'entretien<\/a><\/li>\n\t<\/ul>\n<\/li>\n\t<li class=\"menu-item menu-item-type-post_type menu-item-object-page menu-item-4572\"><a href=\"https:\/\/holokardio.info\/fr\/karte-des-lebens\/\" class=\"elementor-sub-item\" tabindex=\"-1\">Carte de vie<\/a><\/li>\n<\/ul>\n<\/li>\n<li class=\"menu-item menu-item-type-custom menu-item-object-custom menu-item-has-children menu-item-3292\"><a href=\"#\" class=\"elementor-item elementor-item-anchor\" tabindex=\"-1\">\u00c0 propos de nous<\/a>\n<ul class=\"sub-menu elementor-nav-menu--dropdown\">\n\t<li class=\"menu-item menu-item-type-post_type menu-item-object-page menu-item-has-children menu-item-3515\"><a href=\"https:\/\/holokardio.info\/fr\/ueber-uns-2\/\" class=\"elementor-sub-item\" tabindex=\"-1\">Wilfried Jensen<\/a>\n\t<ul class=\"sub-menu elementor-nav-menu--dropdown\">\n\t\t<li class=\"menu-item menu-item-type-post_type menu-item-object-page menu-item-3689\"><a href=\"https:\/\/holokardio.info\/fr\/bilder-aus-dem-inneren\/\" class=\"elementor-sub-item\" tabindex=\"-1\">Images de l'int\u00e9rieur<\/a><\/li>\n\t<\/ul>\n<\/li>\n\t<li class=\"menu-item menu-item-type-post_type menu-item-object-page menu-item-2461\"><a href=\"https:\/\/holokardio.info\/fr\/kontakt\/\" class=\"elementor-sub-item\" tabindex=\"-1\">Contact<\/a><\/li>\n<\/ul>\n<\/li>\n<li class=\"menu-item menu-item-type-post_type menu-item-object-page menu-item-3567\"><a href=\"https:\/\/holokardio.info\/fr\/faq\/\" class=\"elementor-item\" tabindex=\"-1\">FAQ<\/a><\/li>\n<\/ul>\t\t\t<\/nav>\n\t\t\t\t\t\t<\/div>\n\t\t\t\t\t<\/div>\n\t\t\t\t<\/div>\n\t\t<div class=\"elementor-element elementor-element-b6d5f0a e-flex e-con-boxed e-con e-parent\" data-id=\"b6d5f0a\" data-element_type=\"container\" data-e-type=\"container\">\n\t\t\t\t\t<div class=\"e-con-inner\">\n\t\t\t\t<div class=\"elementor-element elementor-element-9788f7c elementor-widget elementor-widget-heading\" data-id=\"9788f7c\" data-element_type=\"widget\" data-e-type=\"widget\" data-widget_type=\"heading.default\">\n\t\t\t\t\t<h1 class=\"elementor-heading-title elementor-size-default\">Wilfried Jensen<\/h1>\t\t\t\t<\/div>\n\t\t\t\t\t<\/div>\n\t\t\t\t<\/div>\n\t\t<div class=\"elementor-element elementor-element-952e28c e-flex e-con-boxed e-con e-parent\" data-id=\"952e28c\" data-element_type=\"container\" data-e-type=\"container\">\n\t\t\t\t\t<div class=\"e-con-inner\">\n\t\t\t\t<div class=\"elementor-element elementor-element-5672728 elementor-widget elementor-widget-text-editor\" data-id=\"5672728\" data-element_type=\"widget\" data-e-type=\"widget\" data-widget_type=\"text-editor.default\">\n\t\t\t\t\t\t\t\t\t<h3>Qui je suis - et ce qui me guide<\/h3><h4 class=\"translation-block\">Ce site vous donne un aper\u00e7u de mon parcours personnel et spirituel.<br data-start=\"310\" data-end=\"313\">Vous d\u00e9couvrirez comment ma qu\u00eate de sens, de v\u00e9rit\u00e9 et de clart\u00e9 int\u00e9rieure s'est d\u00e9velopp\u00e9e - et pourquoi aujourd'hui des termes comme <strong data-start=\"434\" data-end=\"452\">guide int\u00e9rieur<\/strong>, <strong data-start=\"454\" data-end=\"471\">authenticit\u00e9<\/strong>, <strong data-start=\"473\" data-end=\"492\">sagesse du c\u0153ur<\/strong> et le <strong data-start=\"501\" data-end=\"536\">d\u00e9veloppement de ma propre signature<\/strong> sont au c\u0153ur de ma vie et de mon action.<br data-start=\"581\" data-end=\"584\">Je souhaite partager ces exp\u00e9riences avec d'autres, comme une incitation \u00e0 se rencontrer plus profond\u00e9ment et \u00e0 faire confiance \u00e0 son propre chemin.<\/h4><h3>\u00c0 propos de moi<\/h3><h4 class=\"translation-block\">Je suis n\u00e9 \u00e0 Berlin en 1951. Vers l'\u00e2ge de 20 ans, j'ai commenc\u00e9 \u00e0 m'int\u00e9resser de pr\u00e8s \u00e0 la question : <strong data-start=\"856\" data-end=\"893\">\"Qui et qu'est-ce que je suis vraiment ?\"<\/strong><br data-start=\"893\" data-end=\"896\">Cette recherche m'a conduit \u00e0 m'int\u00e9resser \u00e0 la religion et \u00e0 la spiritualit\u00e9, non seulement comme orientation personnelle, mais aussi dans le cadre de mon parcours professionnel.<\/h4><h3>Mon parcours<\/h3><h4>Mes formations se sont concentr\u00e9es sur l'assistance et l'accompagnement des personnes.<br \/>Parall\u00e8lement, j'ai suivi de nombreux cours qui m'ont aid\u00e9 \u00e0 concilier spiritualit\u00e9 et vie quotidienne. J'ai eu l'occasion d'apprendre aupr\u00e8s de diff\u00e9rents professeurs diff\u00e9rentes formes de m\u00e9ditation et des m\u00e9thodes d'introspection et de travail avec l'inconscient.<br \/>Mes propres exp\u00e9riences m'ont permis de r\u00e9aliser \u00e0 quel point ces voies peuvent \u00eatre transformatrices et utiles pour trouver la clart\u00e9 dans la vie. C'est de l\u00e0 qu'est n\u00e9 mon d\u00e9sir de transmettre ce savoir - pour aider les autres \u00e0 mieux comprendre leur monde int\u00e9rieur et \u00e0 en sortir grandis.<\/h4><h3>La diversit\u00e9 comme force<\/h3><h4 class=\"translation-block\">J'ai \u00e9tudi\u00e9 diff\u00e9rentes <strong data-start=\"1828\" data-end=\"1856\">traditions spirituelles<\/strong> de diff\u00e9rentes religions et j'ai r\u00e9alis\u00e9 combien il est pr\u00e9cieux de travailler avec une <strong data-start=\"1946\" data-end=\"1971\">diversit\u00e9 de m\u00e9thodes<\/strong>.<br data-start=\"1984\" data-end=\"1987\">Chaque m\u00e9thode a son propre pouvoir. Elle ouvre de nouvelles perspectives et aide \u00e0 <strong data-start=\"2080\" data-end=\"2104\">construire sa vie de mani\u00e8re plus consciente et plus claire<\/strong>.<\/h4><h3>Le leadership interne - un premier constat essentiel<\/h3><h4>L'une des principales conclusions de mon parcours est la suivante : En chaque personne existe un guide int\u00e9rieur.<br \/>Certains les ressentent comme une douce direction venant de l'int\u00e9rieur, d'autres comme une inspiration soudaine ou un sentiment de calme ou d'inqui\u00e9tude qui indique si un chemin est coh\u00e9rent ou non.<br \/>Cette guidance peut se manifester de mani\u00e8re intuitive, \u00e9motionnelle ou \u00e9nerg\u00e9tique - individuellement et de mani\u00e8res tr\u00e8s diff\u00e9rentes.<br \/>Cependant, cette voix int\u00e9rieure est souvent masqu\u00e9e - par des pens\u00e9es, des soucis ou des stimuli ext\u00e9rieurs. Dans un monde de distractions et de sons continus, de nombreuses personnes perdent le contact avec cette source int\u00e9rieure.<br \/>Ce n'est que lorsque nous r\u00e9duisons les influences ext\u00e9rieures et que nous autorisons \u00e0 nouveau le chemin vers l'int\u00e9rieur que cette sagesse peut se manifester \u00e0 nouveau.<br \/>C'est un chemin de vigilance, de patience et d'ouverture int\u00e9rieure.<\/h4><h3>La signature individuelle - un deuxi\u00e8me constat essentiel<\/h3><h4>Ma deuxi\u00e8me conclusion fondamentale est que chaque \u00eatre porte en lui une signature unique.<br \/>Elle se manifeste par sa forme, son rayonnement et sa pr\u00e9sence - non pas comme une caract\u00e9ristique fig\u00e9e, mais comme l'expression vivante de sa propre essence.<br \/>Une personne qui vit en accord avec sa signature d\u00e9gage une harmonie int\u00e9rieure perceptible par les autres - comme l'authenticit\u00e9, la tranquillit\u00e9 et la beaut\u00e9 silencieuse.<br \/>Cette forme de beaut\u00e9 est ind\u00e9pendante de l'apparence. Elle touche parce qu'elle est authentique.<br \/>L'accomplissement de cette forme est un chemin de toute une vie. Il exige que nous affrontions nos conflits, que nous d\u00e9veloppions notre potentiel et que nous orientions notre vie vers la v\u00e9racit\u00e9 et l'amour.<br \/>Il en r\u00e9sulte un profond sentiment de paix et d'accomplissement int\u00e9rieurs qui se manifeste naturellement \u00e0 l'ext\u00e9rieur.<\/h4><h3>L'authenticit\u00e9 comme mode de vie<\/h3><h4 class=\"translation-block\">Une personne qui vit sa signature devient une <strong data-start=\"3956\" data-end=\"3971\">inspiration<\/strong>.<br data-start=\"3972\" data-end=\"3975\">Il incarne la possibilit\u00e9 de vivre dans la clart\u00e9, le sens et l'harmonie, non seulement pour son propre bien, mais aussi pour le bien des autres.<\/h4><h3>Le dernier horizon : Satchidananda<\/h3><h4>A la fin, j'ai une exp\u00e9rience qui d\u00e9passe tout : Satchidananda - \u00eatre, conscience, f\u00e9licit\u00e9.<br \/>Dans les moments o\u00f9 il n'y a plus de pens\u00e9e, plus de volont\u00e9, plus de distraction, il y a une joie extatique, libre de toute cause, ind\u00e9pendante des circonstances.<br \/>C'est la jubilation de la vie elle-m\u00eame, d'\u00eatre simple. Une existence qui n'aspire plus \u00e0 rien - mais qui vit simplement.<\/h4><h4>Derni\u00e8re mise \u00e0 jour : 3 ao\u00fbt 2025<\/h4>\t\t\t\t\t\t\t\t<\/div>\n\t\t\t\t\t<\/div>\n\t\t\t\t<\/div>\n\t\t\t\t<\/div>","protected":false},"excerpt":{"rendered":"<p>Wilfried Jensen HoloKardio Wilfried Jensen Wer ich bin \u2013 und was mich leitet Diese Seite gibt dir einen Einblick in meinen pers\u00f6nlichen und spirituellen Weg.Du erf\u00e4hrst, wie sich meine Suche nach Sinn, Wahrheit und innerer Klarheit entwickelt hat \u2013 und warum heute Begriffe wie innere F\u00fchrung, Authentizit\u00e4t, Herzensweisheit und die Entfaltung der eigenen Signatur im [&hellip;]<\/p>\n","protected":false},"author":1,"featured_media":0,"parent":0,"menu_order":0,"comment_status":"closed","ping_status":"closed","template":"elementor_canvas","meta":{"footnotes":""},"class_list":["post-1975","page","type-page","status-publish","hentry"],"aioseo_notices":[],"_links":{"self":[{"href":"https:\/\/holokardio.info\/fr\/wp-json\/wp\/v2\/pages\/1975","targetHints":{"allow":["GET"]}}],"collection":[{"href":"https:\/\/holokardio.info\/fr\/wp-json\/wp\/v2\/pages"}],"about":[{"href":"https:\/\/holokardio.info\/fr\/wp-json\/wp\/v2\/types\/page"}],"author":[{"embeddable":true,"href":"https:\/\/holokardio.info\/fr\/wp-json\/wp\/v2\/users\/1"}],"replies":[{"embeddable":true,"href":"https:\/\/holokardio.info\/fr\/wp-json\/wp\/v2\/comments?post=1975"}],"version-history":[{"count":84,"href":"https:\/\/holokardio.info\/fr\/wp-json\/wp\/v2\/pages\/1975\/revisions"}],"predecessor-version":[{"id":3761,"href":"https:\/\/holokardio.info\/fr\/wp-json\/wp\/v2\/pages\/1975\/revisions\/3761"}],"wp:attachment":[{"href":"https:\/\/holokardio.info\/fr\/wp-json\/wp\/v2\/media?parent=1975"}],"curies":[{"name":"wp","href":"https:\/\/api.w.org\/{rel}","templated":true}]}}